{"id":10,"date":"2020-02-12T22:17:28","date_gmt":"2020-02-12T21:17:28","guid":{"rendered":"https:\/\/www.stanislavbariny.sk\/strechy\/?page_id=10"},"modified":"2020-02-15T17:27:17","modified_gmt":"2020-02-15T16:27:17","slug":"kontakt","status":"publish","type":"page","link":"https:\/\/www.stanislavbariny.sk\/strechy\/?page_id=10","title":{"rendered":"Kontakt"},"content":{"rendered":"\n<h3>Stanislav Bariny<\/h3>\n\n\n\n<p> <strong><br>Adresa:&nbsp;<\/strong>Stanislav Bariny, Z\u00e1hradn\u00e1 18, 900 81 \u0160ENKVICE<br><strong>I\u010cO:&nbsp;<\/strong>35 082 569<br><strong>Mobil:&nbsp;<\/strong>+421 905 681 988<br><strong>Mail:&nbsp;<\/strong><a href=\"mailto:%20barinys@gmail.com\">barinys@gmail.com<\/a> <\/p>\n","protected":false},"excerpt":{"rendered":"<p>Stanislav Bariny Adresa:&nbsp;Stanislav Bariny, Z\u00e1hradn\u00e1 18, 900 81 \u0160ENKVICEI\u010cO:&nbsp;35 082 569Mobil:&nbsp;+421 905 681 988Mail:&nbsp;barinys@gmail.com<\/p>\n","protected":false},"author":1,"featured_media":0,"parent":0,"menu_order":0,"comment_status":"closed","ping_status":"closed","template":"","meta":{"_monsterinsights_skip_tracking":false,"_monsterinsights_sitenote_active":false,"_monsterinsights_sitenote_note":"","_monsterinsights_sitenote_category":0,"ngg_post_thumbnail":0},"yoast_head":"<!-- This site is optimized with the Yoast SEO plugin v18.4.1 - https:\/\/yoast.com\/wordpress\/plugins\/seo\/ -->\n<title>Kontakt - Strechy na mieru<\/title>\n<meta name=\"robots\" content=\"index, follow, max-snippet:-1, max-image-preview:large, max-video-preview:-1\" \/>\n<link rel=\"canonical\" href=\"https:\/\/stanislavbariny.sk\/strechy\/?page_id=10\" \/>\n<meta property=\"og:locale\" content=\"sk_SK\" \/>\n<meta property=\"og:type\" content=\"article\" \/>\n<meta property=\"og:title\" content=\"Kontakt - Strechy na mieru\" \/>\n<meta property=\"og:description\" content=\"Stanislav Bariny Adresa:&nbsp;Stanislav Bariny, Z\u00e1hradn\u00e1 18, 900 81 \u0160ENKVICEI\u010cO:&nbsp;35 082 569Mobil:&nbsp;+421 905 681 988Mail:&nbsp;barinys@gmail.com\" \/>\n<meta property=\"og:url\" content=\"https:\/\/stanislavbariny.sk\/strechy\/?page_id=10\" \/>\n<meta property=\"og:site_name\" content=\"Strechy na mieru\" \/>\n<meta property=\"article:modified_time\" content=\"2020-02-15T16:27:17+00:00\" \/>\n<meta name=\"twitter:card\" content=\"summary_large_image\" \/>\n<script type=\"application\/ld+json\" class=\"yoast-schema-graph\">{\"@context\":\"https:\/\/schema.org\",\"@graph\":[{\"@type\":\"WebSite\",\"@id\":\"https:\/\/wildcard.stanislavbariny.sk\/strechy\/#website\",\"url\":\"https:\/\/wildcard.stanislavbariny.sk\/strechy\/\",\"name\":\"Strechy na mieru\",\"description\":\"s nami nezmoknete\",\"potentialAction\":[{\"@type\":\"SearchAction\",\"target\":{\"@type\":\"EntryPoint\",\"urlTemplate\":\"https:\/\/wildcard.stanislavbariny.sk\/strechy\/?s={search_term_string}\"},\"query-input\":\"required name=search_term_string\"}],\"inLanguage\":\"sk-SK\"},{\"@type\":\"WebPage\",\"@id\":\"https:\/\/stanislavbariny.sk\/strechy\/?page_id=10#webpage\",\"url\":\"https:\/\/stanislavbariny.sk\/strechy\/?page_id=10\",\"name\":\"Kontakt - Strechy na mieru\",\"isPartOf\":{\"@id\":\"https:\/\/wildcard.stanislavbariny.sk\/strechy\/#website\"},\"datePublished\":\"2020-02-12T21:17:28+00:00\",\"dateModified\":\"2020-02-15T16:27:17+00:00\",\"breadcrumb\":{\"@id\":\"https:\/\/stanislavbariny.sk\/strechy\/?page_id=10#breadcrumb\"},\"inLanguage\":\"sk-SK\",\"potentialAction\":[{\"@type\":\"ReadAction\",\"target\":[\"https:\/\/stanislavbariny.sk\/strechy\/?page_id=10\"]}]},{\"@type\":\"BreadcrumbList\",\"@id\":\"https:\/\/stanislavbariny.sk\/strechy\/?page_id=10#breadcrumb\",\"itemListElement\":[{\"@type\":\"ListItem\",\"position\":1,\"name\":\"Home\",\"item\":\"https:\/\/wildcard.stanislavbariny.sk\/strechy\/\"},{\"@type\":\"ListItem\",\"position\":2,\"name\":\"Kontakt\"}]}]}<\/script>\n<!-- \/ Yoast SEO plugin. -->","yoast_head_json":{"title":"Kontakt - Strechy na mieru","robots":{"index":"index","follow":"follow","max-snippet":"max-snippet:-1","max-image-preview":"max-image-preview:large","max-video-preview":"max-video-preview:-1"},"canonical":"https:\/\/stanislavbariny.sk\/strechy\/?page_id=10","og_locale":"sk_SK","og_type":"article","og_title":"Kontakt - Strechy na mieru","og_description":"Stanislav Bariny Adresa:&nbsp;Stanislav Bariny, Z\u00e1hradn\u00e1 18, 900 81 \u0160ENKVICEI\u010cO:&nbsp;35 082 569Mobil:&nbsp;+421 905 681 988Mail:&nbsp;barinys@gmail.com","og_url":"https:\/\/stanislavbariny.sk\/strechy\/?page_id=10","og_site_name":"Strechy na mieru","article_modified_time":"2020-02-15T16:27:17+00:00","twitter_card":"summary_large_image","schema":{"@context":"https:\/\/schema.org","@graph":[{"@type":"WebSite","@id":"https:\/\/wildcard.stanislavbariny.sk\/strechy\/#website","url":"https:\/\/wildcard.stanislavbariny.sk\/strechy\/","name":"Strechy na mieru","description":"s nami nezmoknete","potentialAction":[{"@type":"SearchAction","target":{"@type":"EntryPoint","urlTemplate":"https:\/\/wildcard.stanislavbariny.sk\/strechy\/?s={search_term_string}"},"query-input":"required name=search_term_string"}],"inLanguage":"sk-SK"},{"@type":"WebPage","@id":"https:\/\/stanislavbariny.sk\/strechy\/?page_id=10#webpage","url":"https:\/\/stanislavbariny.sk\/strechy\/?page_id=10","name":"Kontakt - Strechy na mieru","isPartOf":{"@id":"https:\/\/wildcard.stanislavbariny.sk\/strechy\/#website"},"datePublished":"2020-02-12T21:17:28+00:00","dateModified":"2020-02-15T16:27:17+00:00","breadcrumb":{"@id":"https:\/\/stanislavbariny.sk\/strechy\/?page_id=10#breadcrumb"},"inLanguage":"sk-SK","potentialAction":[{"@type":"ReadAction","target":["https:\/\/stanislavbariny.sk\/strechy\/?page_id=10"]}]},{"@type":"BreadcrumbList","@id":"https:\/\/stanislavbariny.sk\/strechy\/?page_id=10#breadcrumb","itemListElement":[{"@type":"ListItem","position":1,"name":"Home","item":"https:\/\/wildcard.stanislavbariny.sk\/strechy\/"},{"@type":"ListItem","position":2,"name":"Kontakt"}]}]}},"_links":{"self":[{"href":"https:\/\/www.stanislavbariny.sk\/strechy\/index.php?rest_route=\/wp\/v2\/pages\/10"}],"collection":[{"href":"https:\/\/www.stanislavbariny.sk\/strechy\/index.php?rest_route=\/wp\/v2\/pages"}],"about":[{"href":"https:\/\/www.stanislavbariny.sk\/strechy\/index.php?rest_route=\/wp\/v2\/types\/page"}],"author":[{"embeddable":true,"href":"https:\/\/www.stanislavbariny.sk\/strechy\/index.php?rest_route=\/wp\/v2\/users\/1"}],"replies":[{"embeddable":true,"href":"https:\/\/www.stanislavbariny.sk\/strechy\/index.php?rest_route=%2Fwp%2Fv2%2Fcomments&post=10"}],"version-history":[{"count":3,"href":"https:\/\/www.stanislavbariny.sk\/strechy\/index.php?rest_route=\/wp\/v2\/pages\/10\/revisions"}],"predecessor-version":[{"id":72,"href":"https:\/\/www.stanislavbariny.sk\/strechy\/index.php?rest_route=\/wp\/v2\/pages\/10\/revisions\/72"}],"wp:attachment":[{"href":"https:\/\/www.stanislavbariny.sk\/strechy\/index.php?rest_route=%2Fwp%2Fv2%2Fmedia&parent=10"}],"curies":[{"name":"wp","href":"https:\/\/api.w.org\/{rel}","templated":true}]}}