{"id":113,"date":"2020-02-14T18:17:52","date_gmt":"2020-02-14T17:17:52","guid":{"rendered":"https:\/\/www.stanislavbariny.sk\/strechy\/?page_id=113"},"modified":"2020-03-18T16:58:05","modified_gmt":"2020-03-18T15:58:05","slug":"ploche-strechy","status":"publish","type":"page","link":"https:\/\/www.stanislavbariny.sk\/strechy\/?page_id=113","title":{"rendered":"Ploch\u00e9 strechy"},"content":{"rendered":"\n<p>V pr\u00edpade ploch\u00fdch striech estetick\u00e9 krit\u00e9ri\u00e1 \u00faplne ustupuj\u00fa t\u00fdm funk\u010dn\u00fdm, sn\u00e1\u010f o to viac je d\u00f4le\u017eit\u00fd v\u00fdber materi\u00e1lu na hydroizol\u00e1ciu plochej strechy a kvalita mont\u00e1\u017ee. Na trhu je v ponuke \u0161irok\u00e1 \u0161k\u00e1la materi\u00e1lov, mnoh\u00e9 v\u0161ak nesp\u013a\u0148aj\u00fa krit\u00e9ri\u00e1 dlhoro\u010dnej \u017eivotnosti. Preto doporu\u010dujeme nenecha\u0165 sa pri rekon\u0161trukcii \u010di novostavbe plochej strechy rodinn\u00e9ho domu, bytov\u00e9ho domu \u010di priemyselnej budovy zl\u00e1ka\u0165 n\u00edzkou cenou, ale zvoli\u0165 primerane kvalitn\u00fd materi\u00e1l s dlhou \u017eivotnos\u0165ou. Radi v\u00e1m op\u00e4\u0165 pri v\u00fdbere materi\u00e1lu porad\u00edme.<\/p>\n\n\n\n<p>Najzn\u00e1mej\u0161ie s\u00fa izola\u010dn\u00e9 p\u00e1sy na b\u00e1ze bitumenu, pri\u010dom modifikovan\u00e9 asfaltov\u00e9 p\u00e1sy sa vyzna\u010duj\u00fa neporovnate\u013ene vy\u0161\u0161ou kvalitou a \u017eivotnos\u0165ou ako klasick\u00e9 asfaltov\u00e9 p\u00e1sy. V s\u00fa\u010dasnosti v\u0161ak st\u00e1le \u010dastej\u0161ie sa za\u010d\u00ednaj\u00fa pou\u017e\u00edva\u0165 f\u00f3liov\u00e9 materi\u00e1ly vyr\u00e1ban\u00e9 z m\u00e4k\u010den\u00e9ho PVC alebo r\u00f4znych typov polym\u00e9rov.<\/p>\n\n\n\n<p>Hydroizola\u010dn\u00e9 p\u00e1sy na plochej streche vytv\u00e1raj\u00fa pri odbornej mont\u00e1\u017ei \u00fapln\u00fa vodotesn\u00fa vrstvu, ktor\u00e1 je vodotesne napojen\u00e1 na v\u0161etky stre\u0161n\u00e9 prvky ( atiky, odkvapov\u00e9 \u017e\u013eaby, strojovne v\u00fd\u0165ahov na bytovk\u00e1ch, kom\u00edny, odvetr\u00e1vacie potrubia&#8230;). Na\u0161a firma absolvovala nieko\u013eko mont\u00e1\u017enych \u0161kolen\u00ed v danej problematike u v\u00fdrobcov izola\u010dn\u00fdch materi\u00e1lov na ploch\u00e9 strechy ( Sika, Vedag&#8230;) a preto v\u00e1m vieme garantova\u0165 bezchybn\u00fa mont\u00e1\u017e a kvalitn\u00e9 rie\u0161enie v\u0161etk\u00fdch stre\u0161n\u00fdch detailov.<\/p>\n\n\n\n<figure class=\"wp-block-gallery columns-3 is-cropped\"><ul class=\"blocks-gallery-grid\"><li class=\"blocks-gallery-item\"><figure><img loading=\"lazy\" width=\"1024\" height=\"577\" src=\"https:\/\/www.stanislavbariny.sk\/strechy\/wp-content\/uploads\/2020\/03\/WhatsApp-Image-2020-03-07-at-15.32.13-2-1024x577.jpeg\" alt=\"\" data-id=\"430\" class=\"wp-image-430\" srcset=\"https:\/\/www.stanislavbariny.sk\/strechy\/wp-content\/uploads\/2020\/03\/WhatsApp-Image-2020-03-07-at-15.32.13-2-1024x577.jpeg 1024w, https:\/\/www.stanislavbariny.sk\/strechy\/wp-content\/uploads\/2020\/03\/WhatsApp-Image-2020-03-07-at-15.32.13-2-300x169.jpeg 300w, https:\/\/www.stanislavbariny.sk\/strechy\/wp-content\/uploads\/2020\/03\/WhatsApp-Image-2020-03-07-at-15.32.13-2-768x433.jpeg 768w, https:\/\/www.stanislavbariny.sk\/strechy\/wp-content\/uploads\/2020\/03\/WhatsApp-Image-2020-03-07-at-15.32.13-2.jpeg 1332w\" sizes=\"(max-width: 1024px) 100vw, 1024px\" \/><\/figure><\/li><li class=\"blocks-gallery-item\"><figure><img loading=\"lazy\" width=\"577\" height=\"1024\" src=\"https:\/\/www.stanislavbariny.sk\/strechy\/wp-content\/uploads\/2020\/03\/WhatsApp-Image-2020-03-07-at-15.50.53-577x1024.jpeg\" alt=\"\" data-id=\"432\" data-full-url=\"https:\/\/www.stanislavbariny.sk\/strechy\/wp-content\/uploads\/2020\/03\/WhatsApp-Image-2020-03-07-at-15.50.53.jpeg\" data-link=\"https:\/\/www.stanislavbariny.sk\/strechy\/?attachment_id=432\" class=\"wp-image-432\" srcset=\"https:\/\/www.stanislavbariny.sk\/strechy\/wp-content\/uploads\/2020\/03\/WhatsApp-Image-2020-03-07-at-15.50.53-577x1024.jpeg 577w, https:\/\/www.stanislavbariny.sk\/strechy\/wp-content\/uploads\/2020\/03\/WhatsApp-Image-2020-03-07-at-15.50.53-169x300.jpeg 169w, https:\/\/www.stanislavbariny.sk\/strechy\/wp-content\/uploads\/2020\/03\/WhatsApp-Image-2020-03-07-at-15.50.53.jpeg 751w\" sizes=\"(max-width: 577px) 100vw, 577px\" \/><\/figure><\/li><li class=\"blocks-gallery-item\"><figure><img loading=\"lazy\" width=\"577\" height=\"1024\" src=\"https:\/\/www.stanislavbariny.sk\/strechy\/wp-content\/uploads\/2020\/03\/WhatsApp-Image-2020-03-07-at-15.50.54-1-2-577x1024.jpeg\" alt=\"\" data-id=\"433\" data-full-url=\"https:\/\/www.stanislavbariny.sk\/strechy\/wp-content\/uploads\/2020\/03\/WhatsApp-Image-2020-03-07-at-15.50.54-1-2.jpeg\" data-link=\"https:\/\/www.stanislavbariny.sk\/strechy\/?attachment_id=433\" class=\"wp-image-433\" srcset=\"https:\/\/www.stanislavbariny.sk\/strechy\/wp-content\/uploads\/2020\/03\/WhatsApp-Image-2020-03-07-at-15.50.54-1-2-577x1024.jpeg 577w, https:\/\/www.stanislavbariny.sk\/strechy\/wp-content\/uploads\/2020\/03\/WhatsApp-Image-2020-03-07-at-15.50.54-1-2-169x300.jpeg 169w, https:\/\/www.stanislavbariny.sk\/strechy\/wp-content\/uploads\/2020\/03\/WhatsApp-Image-2020-03-07-at-15.50.54-1-2.jpeg 751w\" sizes=\"(max-width: 577px) 100vw, 577px\" \/><\/figure><\/li><li class=\"blocks-gallery-item\"><figure><img loading=\"lazy\" width=\"1024\" height=\"577\" src=\"https:\/\/www.stanislavbariny.sk\/strechy\/wp-content\/uploads\/2020\/03\/WhatsApp-Image-2020-03-07-at-15.32.09-1-1024x577.jpeg\" alt=\"\" data-id=\"431\" data-full-url=\"https:\/\/www.stanislavbariny.sk\/strechy\/wp-content\/uploads\/2020\/03\/WhatsApp-Image-2020-03-07-at-15.32.09-1.jpeg\" data-link=\"https:\/\/www.stanislavbariny.sk\/strechy\/?attachment_id=431\" class=\"wp-image-431\" srcset=\"https:\/\/www.stanislavbariny.sk\/strechy\/wp-content\/uploads\/2020\/03\/WhatsApp-Image-2020-03-07-at-15.32.09-1-1024x577.jpeg 1024w, https:\/\/www.stanislavbariny.sk\/strechy\/wp-content\/uploads\/2020\/03\/WhatsApp-Image-2020-03-07-at-15.32.09-1-300x169.jpeg 300w, https:\/\/www.stanislavbariny.sk\/strechy\/wp-content\/uploads\/2020\/03\/WhatsApp-Image-2020-03-07-at-15.32.09-1-768x433.jpeg 768w, https:\/\/www.stanislavbariny.sk\/strechy\/wp-content\/uploads\/2020\/03\/WhatsApp-Image-2020-03-07-at-15.32.09-1.jpeg 1332w\" sizes=\"(max-width: 1024px) 100vw, 1024px\" \/><\/figure><\/li><\/ul><\/figure>\n","protected":false},"excerpt":{"rendered":"<p>V pr\u00edpade ploch\u00fdch striech estetick\u00e9 krit\u00e9ri\u00e1 \u00faplne ustupuj\u00fa t\u00fdm funk\u010dn\u00fdm, sn\u00e1\u010f o to viac je d\u00f4le\u017eit\u00fd v\u00fdber materi\u00e1lu na hydroizol\u00e1ciu plochej strechy a kvalita mont\u00e1\u017ee. Na trhu je v ponuke \u0161irok\u00e1 \u0161k\u00e1la materi\u00e1lov, mnoh\u00e9 v\u0161ak nesp\u013a\u0148aj\u00fa krit\u00e9ri\u00e1 dlhoro\u010dnej \u017eivotnosti. Preto doporu\u010dujeme nenecha\u0165 sa pri rekon\u0161trukcii \u010di novostavbe plochej strechy rodinn\u00e9ho domu, bytov\u00e9ho domu \u010di priemyselnej [&hellip;]<\/p>\n","protected":false},"author":1,"featured_media":0,"parent":0,"menu_order":0,"comment_status":"closed","ping_status":"closed","template":"","meta":{"_monsterinsights_skip_tracking":false,"_monsterinsights_sitenote_active":false,"_monsterinsights_sitenote_note":"","_monsterinsights_sitenote_category":0,"ngg_post_thumbnail":0},"yoast_head":"<!-- This site is optimized with the Yoast SEO plugin v18.4.1 - https:\/\/yoast.com\/wordpress\/plugins\/seo\/ -->\n<title>Ploch\u00e9 strechy - Strechy na mieru<\/title>\n<meta name=\"robots\" content=\"index, follow, max-snippet:-1, max-image-preview:large, max-video-preview:-1\" \/>\n<link rel=\"canonical\" href=\"https:\/\/www.stanislavbariny.sk\/strechy\/?page_id=113\" \/>\n<meta property=\"og:locale\" content=\"sk_SK\" \/>\n<meta property=\"og:type\" content=\"article\" \/>\n<meta property=\"og:title\" content=\"Ploch\u00e9 strechy - Strechy na mieru\" \/>\n<meta property=\"og:description\" content=\"V pr\u00edpade ploch\u00fdch striech estetick\u00e9 krit\u00e9ri\u00e1 \u00faplne ustupuj\u00fa t\u00fdm funk\u010dn\u00fdm, sn\u00e1\u010f o to viac je d\u00f4le\u017eit\u00fd v\u00fdber materi\u00e1lu na hydroizol\u00e1ciu plochej strechy a kvalita mont\u00e1\u017ee. Na trhu je v ponuke \u0161irok\u00e1 \u0161k\u00e1la materi\u00e1lov, mnoh\u00e9 v\u0161ak nesp\u013a\u0148aj\u00fa krit\u00e9ri\u00e1 dlhoro\u010dnej \u017eivotnosti. Preto doporu\u010dujeme nenecha\u0165 sa pri rekon\u0161trukcii \u010di novostavbe plochej strechy rodinn\u00e9ho domu, bytov\u00e9ho domu \u010di priemyselnej [&hellip;]\" \/>\n<meta property=\"og:url\" content=\"https:\/\/www.stanislavbariny.sk\/strechy\/?page_id=113\" \/>\n<meta property=\"og:site_name\" content=\"Strechy na mieru\" \/>\n<meta property=\"article:modified_time\" content=\"2020-03-18T15:58:05+00:00\" \/>\n<meta property=\"og:image\" content=\"https:\/\/www.stanislavbariny.sk\/strechy\/wp-content\/uploads\/2020\/03\/WhatsApp-Image-2020-03-07-at-15.32.13-2-1024x577.jpeg\" \/>\n<meta name=\"twitter:card\" content=\"summary_large_image\" \/>\n<meta name=\"twitter:label1\" content=\"Predpokladan\u00fd \u010das \u010d\u00edtania\" \/>\n\t<meta name=\"twitter:data1\" content=\"1 min\u00fata\" \/>\n<script type=\"application\/ld+json\" class=\"yoast-schema-graph\">{\"@context\":\"https:\/\/schema.org\",\"@graph\":[{\"@type\":\"WebSite\",\"@id\":\"https:\/\/stanislavbariny.sk\/strechy\/#website\",\"url\":\"https:\/\/stanislavbariny.sk\/strechy\/\",\"name\":\"Strechy na mieru\",\"description\":\"s nami nezmoknete\",\"potentialAction\":[{\"@type\":\"SearchAction\",\"target\":{\"@type\":\"EntryPoint\",\"urlTemplate\":\"https:\/\/stanislavbariny.sk\/strechy\/?s={search_term_string}\"},\"query-input\":\"required name=search_term_string\"}],\"inLanguage\":\"sk-SK\"},{\"@type\":\"ImageObject\",\"@id\":\"https:\/\/www.stanislavbariny.sk\/strechy\/?page_id=113#primaryimage\",\"inLanguage\":\"sk-SK\",\"url\":\"https:\/\/www.stanislavbariny.sk\/strechy\/wp-content\/uploads\/2020\/03\/WhatsApp-Image-2020-03-07-at-15.32.13-2.jpeg\",\"contentUrl\":\"https:\/\/www.stanislavbariny.sk\/strechy\/wp-content\/uploads\/2020\/03\/WhatsApp-Image-2020-03-07-at-15.32.13-2.jpeg\",\"width\":1332,\"height\":751},{\"@type\":\"WebPage\",\"@id\":\"https:\/\/www.stanislavbariny.sk\/strechy\/?page_id=113#webpage\",\"url\":\"https:\/\/www.stanislavbariny.sk\/strechy\/?page_id=113\",\"name\":\"Ploch\u00e9 strechy - Strechy na mieru\",\"isPartOf\":{\"@id\":\"https:\/\/stanislavbariny.sk\/strechy\/#website\"},\"primaryImageOfPage\":{\"@id\":\"https:\/\/www.stanislavbariny.sk\/strechy\/?page_id=113#primaryimage\"},\"datePublished\":\"2020-02-14T17:17:52+00:00\",\"dateModified\":\"2020-03-18T15:58:05+00:00\",\"breadcrumb\":{\"@id\":\"https:\/\/www.stanislavbariny.sk\/strechy\/?page_id=113#breadcrumb\"},\"inLanguage\":\"sk-SK\",\"potentialAction\":[{\"@type\":\"ReadAction\",\"target\":[\"https:\/\/www.stanislavbariny.sk\/strechy\/?page_id=113\"]}]},{\"@type\":\"BreadcrumbList\",\"@id\":\"https:\/\/www.stanislavbariny.sk\/strechy\/?page_id=113#breadcrumb\",\"itemListElement\":[{\"@type\":\"ListItem\",\"position\":1,\"name\":\"Home\",\"item\":\"https:\/\/stanislavbariny.sk\/strechy\/\"},{\"@type\":\"ListItem\",\"position\":2,\"name\":\"Ploch\u00e9 strechy\"}]}]}<\/script>\n<!-- \/ Yoast SEO plugin. -->","yoast_head_json":{"title":"Ploch\u00e9 strechy - Strechy na mieru","robots":{"index":"index","follow":"follow","max-snippet":"max-snippet:-1","max-image-preview":"max-image-preview:large","max-video-preview":"max-video-preview:-1"},"canonical":"https:\/\/www.stanislavbariny.sk\/strechy\/?page_id=113","og_locale":"sk_SK","og_type":"article","og_title":"Ploch\u00e9 strechy - Strechy na mieru","og_description":"V pr\u00edpade ploch\u00fdch striech estetick\u00e9 krit\u00e9ri\u00e1 \u00faplne ustupuj\u00fa t\u00fdm funk\u010dn\u00fdm, sn\u00e1\u010f o to viac je d\u00f4le\u017eit\u00fd v\u00fdber materi\u00e1lu na hydroizol\u00e1ciu plochej strechy a kvalita mont\u00e1\u017ee. Na trhu je v ponuke \u0161irok\u00e1 \u0161k\u00e1la materi\u00e1lov, mnoh\u00e9 v\u0161ak nesp\u013a\u0148aj\u00fa krit\u00e9ri\u00e1 dlhoro\u010dnej \u017eivotnosti. Preto doporu\u010dujeme nenecha\u0165 sa pri rekon\u0161trukcii \u010di novostavbe plochej strechy rodinn\u00e9ho domu, bytov\u00e9ho domu \u010di priemyselnej [&hellip;]","og_url":"https:\/\/www.stanislavbariny.sk\/strechy\/?page_id=113","og_site_name":"Strechy na mieru","article_modified_time":"2020-03-18T15:58:05+00:00","og_image":[{"url":"https:\/\/www.stanislavbariny.sk\/strechy\/wp-content\/uploads\/2020\/03\/WhatsApp-Image-2020-03-07-at-15.32.13-2-1024x577.jpeg"}],"twitter_card":"summary_large_image","twitter_misc":{"Predpokladan\u00fd \u010das \u010d\u00edtania":"1 min\u00fata"},"schema":{"@context":"https:\/\/schema.org","@graph":[{"@type":"WebSite","@id":"https:\/\/stanislavbariny.sk\/strechy\/#website","url":"https:\/\/stanislavbariny.sk\/strechy\/","name":"Strechy na mieru","description":"s nami nezmoknete","potentialAction":[{"@type":"SearchAction","target":{"@type":"EntryPoint","urlTemplate":"https:\/\/stanislavbariny.sk\/strechy\/?s={search_term_string}"},"query-input":"required name=search_term_string"}],"inLanguage":"sk-SK"},{"@type":"ImageObject","@id":"https:\/\/www.stanislavbariny.sk\/strechy\/?page_id=113#primaryimage","inLanguage":"sk-SK","url":"https:\/\/www.stanislavbariny.sk\/strechy\/wp-content\/uploads\/2020\/03\/WhatsApp-Image-2020-03-07-at-15.32.13-2.jpeg","contentUrl":"https:\/\/www.stanislavbariny.sk\/strechy\/wp-content\/uploads\/2020\/03\/WhatsApp-Image-2020-03-07-at-15.32.13-2.jpeg","width":1332,"height":751},{"@type":"WebPage","@id":"https:\/\/www.stanislavbariny.sk\/strechy\/?page_id=113#webpage","url":"https:\/\/www.stanislavbariny.sk\/strechy\/?page_id=113","name":"Ploch\u00e9 strechy - Strechy na mieru","isPartOf":{"@id":"https:\/\/stanislavbariny.sk\/strechy\/#website"},"primaryImageOfPage":{"@id":"https:\/\/www.stanislavbariny.sk\/strechy\/?page_id=113#primaryimage"},"datePublished":"2020-02-14T17:17:52+00:00","dateModified":"2020-03-18T15:58:05+00:00","breadcrumb":{"@id":"https:\/\/www.stanislavbariny.sk\/strechy\/?page_id=113#breadcrumb"},"inLanguage":"sk-SK","potentialAction":[{"@type":"ReadAction","target":["https:\/\/www.stanislavbariny.sk\/strechy\/?page_id=113"]}]},{"@type":"BreadcrumbList","@id":"https:\/\/www.stanislavbariny.sk\/strechy\/?page_id=113#breadcrumb","itemListElement":[{"@type":"ListItem","position":1,"name":"Home","item":"https:\/\/stanislavbariny.sk\/strechy\/"},{"@type":"ListItem","position":2,"name":"Ploch\u00e9 strechy"}]}]}},"_links":{"self":[{"href":"https:\/\/www.stanislavbariny.sk\/strechy\/index.php?rest_route=\/wp\/v2\/pages\/113"}],"collection":[{"href":"https:\/\/www.stanislavbariny.sk\/strechy\/index.php?rest_route=\/wp\/v2\/pages"}],"about":[{"href":"https:\/\/www.stanislavbariny.sk\/strechy\/index.php?rest_route=\/wp\/v2\/types\/page"}],"author":[{"embeddable":true,"href":"https:\/\/www.stanislavbariny.sk\/strechy\/index.php?rest_route=\/wp\/v2\/users\/1"}],"replies":[{"embeddable":true,"href":"https:\/\/www.stanislavbariny.sk\/strechy\/index.php?rest_route=%2Fwp%2Fv2%2Fcomments&post=113"}],"version-history":[{"count":3,"href":"https:\/\/www.stanislavbariny.sk\/strechy\/index.php?rest_route=\/wp\/v2\/pages\/113\/revisions"}],"predecessor-version":[{"id":434,"href":"https:\/\/www.stanislavbariny.sk\/strechy\/index.php?rest_route=\/wp\/v2\/pages\/113\/revisions\/434"}],"wp:attachment":[{"href":"https:\/\/www.stanislavbariny.sk\/strechy\/index.php?rest_route=%2Fwp%2Fv2%2Fmedia&parent=113"}],"curies":[{"name":"wp","href":"https:\/\/api.w.org\/{rel}","templated":true}]}}